{"id":2,"date":"2024-06-20T22:53:53","date_gmt":"2024-06-20T20:53:53","guid":{"rendered":"http:\/\/backcheck.cz\/?page_id=2"},"modified":"2024-07-08T12:40:03","modified_gmt":"2024-07-08T10:40:03","slug":"ukazkova-stranka","status":"publish","type":"page","link":"https:\/\/backcheck.cz\/?page_id=2","title":{"rendered":"Backcheck Team"},"content":{"rendered":"\n<p>P\u0159edstavujeme n\u00e1\u0161 t\u00fdm hlavn\u00ed tr\u00e9ner Miroslav Vyb\u00edral \u2013 Coach M a Juraj Lendel alias Lengi, kte\u0159\u00ed V\u00e1s budou bavit v podcastu o ml\u00e1de\u017enick\u00e9m a amat\u00e9rsk\u00e9m hokeji. T\u011b\u0161\u00edme se na V\u00e1s a na va\u0161e dotazy.<\/p>\n\n\n\n<blockquote class=\"wp-block-quote is-layout-flow wp-block-quote-is-layout-flow\">\n<p class=\"has-large-font-size\" style=\"font-style:normal;font-weight:700\">N\u00e1\u0161 team Coach M &amp; Lengi<\/p>\n\n\n\n<figure class=\"wp-block-image size-large\"><img loading=\"lazy\" decoding=\"async\" width=\"768\" height=\"1024\" src=\"https:\/\/backcheck.cz\/wp-content\/uploads\/2024\/07\/05-768x1024.jpg\" alt=\"\" class=\"wp-image-53\" srcset=\"https:\/\/backcheck.cz\/wp-content\/uploads\/2024\/07\/05-768x1024.jpg 768w, https:\/\/backcheck.cz\/wp-content\/uploads\/2024\/07\/05-225x300.jpg 225w, https:\/\/backcheck.cz\/wp-content\/uploads\/2024\/07\/05-1152x1536.jpg 1152w, https:\/\/backcheck.cz\/wp-content\/uploads\/2024\/07\/05-1536x2048.jpg 1536w, https:\/\/backcheck.cz\/wp-content\/uploads\/2024\/07\/05-scaled.jpg 1920w\" sizes=\"auto, (max-width: 768px) 100vw, 768px\" \/><\/figure>\n<\/blockquote>\n\n\n\n<p>In New Jersey on game day.<\/p>\n\n\n\n<blockquote class=\"wp-block-quote is-layout-flow wp-block-quote-is-layout-flow\">\n<figure class=\"wp-block-image size-large\"><img loading=\"lazy\" decoding=\"async\" width=\"768\" height=\"1024\" src=\"https:\/\/backcheck.cz\/wp-content\/uploads\/2024\/07\/IMG_0727-768x1024.jpg\" alt=\"\" class=\"wp-image-54\" srcset=\"https:\/\/backcheck.cz\/wp-content\/uploads\/2024\/07\/IMG_0727-768x1024.jpg 768w, https:\/\/backcheck.cz\/wp-content\/uploads\/2024\/07\/IMG_0727-225x300.jpg 225w, https:\/\/backcheck.cz\/wp-content\/uploads\/2024\/07\/IMG_0727-1152x1536.jpg 1152w, https:\/\/backcheck.cz\/wp-content\/uploads\/2024\/07\/IMG_0727-1536x2048.jpg 1536w, https:\/\/backcheck.cz\/wp-content\/uploads\/2024\/07\/IMG_0727-scaled.jpg 1920w\" sizes=\"auto, (max-width: 768px) 100vw, 768px\" \/><\/figure>\n<cite>Head Coach and Assistant<\/cite><\/blockquote>\n\n\n\n<p><\/p>\n","protected":false},"excerpt":{"rendered":"<p>P\u0159edstavujeme n\u00e1\u0161 t\u00fdm hlavn\u00ed tr\u00e9ner Miroslav Vyb\u00edral \u2013 Coach M a Juraj Lendel alias Lengi, kte\u0159\u00ed V\u00e1s budou bavit v podcastu o ml\u00e1de\u017enick\u00e9m a amat\u00e9rsk\u00e9m hokeji. T\u011b\u0161\u00edme se na V\u00e1s a na va\u0161e dotazy. In New Jersey on game day.<\/p>\n","protected":false},"author":1,"featured_media":0,"parent":0,"menu_order":0,"comment_status":"closed","ping_status":"open","template":"","meta":{"footnotes":""},"class_list":["post-2","page","type-page","status-publish","hentry"],"_links":{"self":[{"href":"https:\/\/backcheck.cz\/index.php?rest_route=\/wp\/v2\/pages\/2","targetHints":{"allow":["GET"]}}],"collection":[{"href":"https:\/\/backcheck.cz\/index.php?rest_route=\/wp\/v2\/pages"}],"about":[{"href":"https:\/\/backcheck.cz\/index.php?rest_route=\/wp\/v2\/types\/page"}],"author":[{"embeddable":true,"href":"https:\/\/backcheck.cz\/index.php?rest_route=\/wp\/v2\/users\/1"}],"replies":[{"embeddable":true,"href":"https:\/\/backcheck.cz\/index.php?rest_route=%2Fwp%2Fv2%2Fcomments&post=2"}],"version-history":[{"count":1,"href":"https:\/\/backcheck.cz\/index.php?rest_route=\/wp\/v2\/pages\/2\/revisions"}],"predecessor-version":[{"id":55,"href":"https:\/\/backcheck.cz\/index.php?rest_route=\/wp\/v2\/pages\/2\/revisions\/55"}],"wp:attachment":[{"href":"https:\/\/backcheck.cz\/index.php?rest_route=%2Fwp%2Fv2%2Fmedia&parent=2"}],"curies":[{"name":"wp","href":"https:\/\/api.w.org\/{rel}","templated":true}]}}